{"id":9679,"date":"2025-06-16T14:10:18","date_gmt":"2025-06-16T14:10:18","guid":{"rendered":"https:\/\/www.youritaliantravelguide.com\/?post_type=product&#038;p=9679"},"modified":"2025-06-16T12:27:43","modified_gmt":"2025-06-16T12:27:43","slug":"travel-guide-xxx-copy","status":"publish","type":"product","link":"https:\/\/www.youritaliantravelguide.com\/en\/product\/travel-guide-xxx-copy\/","title":{"rendered":"Travel Guide XXX (copy)"},"content":{"rendered":"<h1><b>Ontdek het echte Toscane met onze complete digitale reisgids!<\/b><\/h1>\n<p><span style=\"font-weight: 400;\">Ben jij van plan om naar Toscane te reizen? Dan is onze digitale Travel Guide Toscane een must-have. Wij hebben de meest complete Toscane reisgids gecre\u00eberd die je online kunt vinden: vol met persoonlijke tips, culinaire hotspots en praktische informatie die jou helpt om je volgende vakantie naar Toscane voor te bereiden. <\/span><span style=\"font-weight: 400;\"><br \/>\n<\/span><span style=\"font-weight: 400;\"><br \/>\n<\/span><span style=\"font-weight: 400;\">Wij nemen je mee door heel Toscane, provincie voor provincie. Van de glooiende heuvels van de Val d&#8217;Orcia tot de kunstschatten van Florence en de stranden van de Maremma: alles komt aan bod. Elke provincie is overzichtelijk ingedeeld in acht thema\u2019s, zodat je snel vindt wat je zoekt: bezienswaardigheden, overnachten, eten &amp; drinken, kunst &amp; cultuur, natuur, vervoer, sport &amp; vrije tijd en winkelen.<\/span><\/p>\n<h2><b>Wat kun je verwachten:<\/b><\/h2>\n<ul>\n<li style=\"font-weight: 400;\" aria-level=\"1\"><b>150+ unieke locaties<\/b><span style=\"font-weight: 400;\">: Van sfeervolle agriturismo&#8217;s en kleinschalige campings in Toscane tot gezellige wijnbars en onontdekte dorpjes.\u00a0<\/span><\/li>\n<li style=\"font-weight: 400;\" aria-level=\"1\"><b>Interactieve Google Maps-kaart<\/b><span style=\"font-weight: 400;\">: Alle hotspots overzichtelijk bij elkaar, zodat je moeiteloos je route kunt plannen.<\/span><\/li>\n<li style=\"font-weight: 400;\" aria-level=\"1\"><b>Direct toegang<\/b><span style=\"font-weight: 400;\"><span style=\"font-weight: 400;\">: Geen eindeloos zoekwerk naar de leukste hotspots, maar direct genieten van je vakantie!<\/span><\/span><\/li>\n<\/ul>\n<h2><b>Voor wie is deze Travel Guide bedoeld?<\/b><\/h2>\n<p><span style=\"font-weight: 400;\"><b>\u2713\u00a0 \u00a0<\/b>Voor reizigers die houden van een goede voorbereiding en overzicht<\/span><\/p>\n<p><span style=\"font-weight: 400;\"><b>\u2713\u00a0 \u00a0<\/b>Voor Itali\u00eb-liefhebbers die m\u00e9\u00e9r willen dan de standaard highlights<\/span><\/p>\n<p><span style=\"font-weight: 400;\"><b>\u2713\u00a0 <\/b>Voor koppels, gezinnen en vriendengroepen met een eigen reisstijl<\/span><\/p>\n<p><span style=\"font-weight: 400;\"><b>\u2713\u00a0 \u00a0<\/b>Voor roadtrippers, slow travelers en avontuurlijke planners<\/span><\/p>\n<p><span style=\"font-weight: 400;\"><b>\u2713\u00a0 \u00a0<\/b>Voor wie liever vertrouwt op persoonlijke tips dan op gesponsorde reviews<\/span><\/p>\n<p>&nbsp;<\/p>\n<h2><b>Waarom kiezen voor onze Travel Guide Toscane?<\/b><\/h2>\n<ul>\n<li style=\"font-weight: 400;\" aria-level=\"1\"><b>Je bespaart uren zoekwerk. <\/b><span style=\"font-weight: 400;\">Geen eindeloos Googelen of verdwalen in Tripadvisor-recensies. Alles wat je moet weten \u2013 overzichtelijk, betrouwbaar en gebaseerd op echte ervaringen, staat voor je klaar.<\/span><\/li>\n<li style=\"font-weight: 400;\" aria-level=\"1\"><b>Je krijgt eerlijke, persoonlijke tips. <\/b><span style=\"font-weight: 400;\">Deze gids is samengesteld op persoonlijke ervaringen. Je krijgt alleen die plekken, routes en adressen die \u00e9cht indruk hebben gemaakt. Net alsof een goede vriend je Toscane laat zien.<\/span><\/li>\n<li style=\"font-weight: 400;\" aria-level=\"1\"><b>Je ontdekt m\u00e9\u00e9r dan de highlights. <\/b><span style=\"font-weight: 400;\">Iedereen kent Florence en Pisa. Maar weet jij ook waar je de mooiste zonsondergang ziet? Of waar je op een lokale markt verse truffel koopt? Deze gids helpt je om het maximale uit je reis te halen.<\/span><\/li>\n<li style=\"font-weight: 400;\" aria-level=\"1\"><b>Voor elk type reiziger, elk tempo. <\/b><span style=\"font-weight: 400;\">Of je nu van cultuur snuiven houdt, graag actief bent in de natuur of gewoon ultiem wilt ontspannen: deze gids helpt je precies die plekken te vinden die passen bij jouw reisstijl.<\/span><\/li>\n<li style=\"font-weight: 400;\" aria-level=\"1\"><b>Je bent flexibel, ook onderweg. <\/b><span style=\"font-weight: 400;\">De reisgids is digitaal en dus altijd bij de hand. Handig voor onderweg met je telefoon of tablet, of om thuis alvast je route mee uit te stippelen.<\/span><\/li>\n<li style=\"font-weight: 400;\" aria-level=\"1\"><b>Je steunt een onafhankelijke Itali\u00eb-liefhebber. <\/b><span style=\"font-weight: 400;\"><span style=\"font-weight: 400;\">Door deze gids te kopen, steun je geen grote reisorganisaties, maar een kleinschalig initiatief van iemand die met passie en liefde haar kennis over Itali\u00eb deelt.<\/span><\/span><\/li>\n<\/ul>\n<h2><b>Klaar om Toscane te ervaren met mijn persoonlijke tips?<\/b><\/h2>\n<p><span style=\"font-weight: 400;\">Bestel nu de Travel Guide Toscane en ontdek een kant van Itali\u00eb die je nooit meer zult vergeten!<\/span><\/p>\n","protected":false},"excerpt":{"rendered":"<p><span style=\"font-weight: 400;\">Ontdek het \u00e9chte Toscane met deze digitale reisgids boordevol persoonlijke tips, unieke locaties en praktische routes. Van de heuvels van Val d&#8217;Orcia tot de stranden van de Maremma \u2013 je vindt 150+ zorgvuldig geselecteerde hotspots, inclusief overnachtingen en culinaire adresjes. Met overzichtelijke themapagina\u2019s, een interactieve Google Maps-kaart \u00e9n eerlijke, persoonlijke aanbevelingen, is deze gids ideaal voor roadtrippers, stellen, gezinnen en Itali\u00eb-liefhebbers die m\u00e9\u00e9r willen dan de standaard highlights.<\/span><\/p>\n","protected":false},"featured_media":9949,"comment_status":"open","ping_status":"closed","template":"","meta":[],"product_brand":[],"product_cat":[793],"product_tag":[794],"class_list":{"0":"post-9679","1":"product","2":"type-product","3":"status-publish","4":"has-post-thumbnail","6":"product_cat-travelguide","7":"product_tag-travelguide-en","9":"first","10":"instock","11":"downloadable","12":"virtual","13":"taxable","14":"purchasable","15":"product-type-simple"},"aioseo_notices":[],"_links":{"self":[{"href":"https:\/\/www.youritaliantravelguide.com\/en\/wp-json\/wp\/v2\/product\/9679","targetHints":{"allow":["GET"]}}],"collection":[{"href":"https:\/\/www.youritaliantravelguide.com\/en\/wp-json\/wp\/v2\/product"}],"about":[{"href":"https:\/\/www.youritaliantravelguide.com\/en\/wp-json\/wp\/v2\/types\/product"}],"replies":[{"embeddable":true,"href":"https:\/\/www.youritaliantravelguide.com\/en\/wp-json\/wp\/v2\/comments?post=9679"}],"version-history":[{"count":4,"href":"https:\/\/www.youritaliantravelguide.com\/en\/wp-json\/wp\/v2\/product\/9679\/revisions"}],"predecessor-version":[{"id":9948,"href":"https:\/\/www.youritaliantravelguide.com\/en\/wp-json\/wp\/v2\/product\/9679\/revisions\/9948"}],"wp:featuredmedia":[{"embeddable":true,"href":"https:\/\/www.youritaliantravelguide.com\/en\/wp-json\/wp\/v2\/media\/9949"}],"wp:attachment":[{"href":"https:\/\/www.youritaliantravelguide.com\/en\/wp-json\/wp\/v2\/media?parent=9679"}],"wp:term":[{"taxonomy":"product_brand","embeddable":true,"href":"https:\/\/www.youritaliantravelguide.com\/en\/wp-json\/wp\/v2\/product_brand?post=9679"},{"taxonomy":"product_cat","embeddable":true,"href":"https:\/\/www.youritaliantravelguide.com\/en\/wp-json\/wp\/v2\/product_cat?post=9679"},{"taxonomy":"product_tag","embeddable":true,"href":"https:\/\/www.youritaliantravelguide.com\/en\/wp-json\/wp\/v2\/product_tag?post=9679"}],"curies":[{"name":"wp","href":"https:\/\/api.w.org\/{rel}","templated":true}]}}